{"id":414,"date":"2022-03-30T14:50:47","date_gmt":"2022-03-30T12:50:47","guid":{"rendered":"https:\/\/www.myluxury-lifestyle.com\/home\/"},"modified":"2026-01-19T15:40:32","modified_gmt":"2026-01-19T14:40:32","slug":"home","status":"publish","type":"page","link":"https:\/\/www.myluxury-lifestyle.com\/en\/","title":{"rendered":"Home"},"content":{"rendered":"<div class=\"wpb-content-wrapper\"><p>[vc_row rc_heading_color=&#8221;white&#8221; rc_bg_type=&#8221;image&#8221; rc_bg_image=&#8221;755&#8243; rc_bg_image_type=&#8221;animated&#8221; rc_bg_color_overlay=&#8221;black&#8221; rc_bg_opacity_overlay=&#8221;40&#8243; scroll_section_title=&#8221;Mangusta&#8221;][vc_column]<h3 class=\"grve-element grve-animated-text grve-animated-item grve-align-center grve-h2 grve-style-2 grve-custom-font-1\" data-style=\"style-2\" data-delay=\"400\" data-duration=\"normal\"><span class=\"grve-animated-entry\"><span class=\"grve-line\">Mangusta Gransport 33<\/span><\/span><\/h3><h3 class=\"grve-element grve-typed-text grve-align-center grve-h5 grve-custom-font-2 grve-increase-heading grve-heading-140\"><span class=\"grve-typed-text-prefix\"> <\/span><span class=\"grve-animated-text\"><span id=\"grve-typed-item-6a095df0e699c\" class=\"grve-text-inherit\"><span class=\"grve-hidden\">\u201cSolo sul mare si \u00e8 davvero liberi\u201d<\/span><\/span><\/span><span class=\"grve-typed-text-suffix\"> <\/span><\/h3><h3 class=\"grve-element grve-typed-text grve-align-center grve-h5 grve-custom-font-2 grve-increase-heading grve-heading-120\"><span class=\"grve-typed-text-prefix\"> <\/span><span class=\"grve-animated-text\"><span id=\"grve-typed-item-6a095df0e6b56\" class=\"grve-text-inherit\"><span class=\"grve-hidden\">Eugene Gladstone O\u2019Neill<\/span><\/span><\/span><span class=\"grve-typed-text-suffix\"> <\/span><\/h3><div class=\"grve-empty-space grve-height-1x\"><\/div><div class=\"grve-empty-space grve-height-1x\"><\/div><div data-animation=\"fade-in-up\" data-delay=\"1200\" data-duration=\"normal\" class=\"grve-element grve-align-center grve-animated-item\"><a href=\"https:\/\/www.myluxury-lifestyle.com\/en\/mangusta-gransport-33\/\" title=\"Mangusta Gransport 33\" class=\"grve-btn grve-round grve-bg-white grve-border-white grve-bg-hover-primary-1 grve-border-hover-primary-1 grve-text-dark-grey grve-text-hover-white grve-btn-extrasmall\">\n\t\t<span>Discover<\/span>\n\t\t\t\t\t\t\t<\/a><\/div>[\/vc_column][\/vc_row][vc_row rc_heading_color=&#8221;white&#8221; rc_bg_type=&#8221;image&#8221; rc_bg_image=&#8221;36&#8243; rc_bg_image_type=&#8221;animated&#8221; rc_bg_color_overlay=&#8221;black&#8221; rc_bg_opacity_overlay=&#8221;40&#8243; scroll_section_title=&#8221;azimut&#8221;][vc_column]<h3 class=\"grve-element grve-animated-text grve-animated-item grve-align-center grve-h2 grve-style-2 grve-custom-font-1\" data-style=\"style-2\" data-delay=\"400\" data-duration=\"normal\"><span class=\"grve-animated-entry\"><span class=\"grve-line\">Azimut S8<\/span><\/span><\/h3><div class=\"grve-empty-space grve-height-1x\"><\/div><div data-animation=\"fade-in-up\" data-delay=\"1200\" data-duration=\"normal\" class=\"grve-element grve-align-center grve-animated-item\"><a href=\"https:\/\/www.myluxury-lifestyle.com\/en\/azimut-s8-yacht\/\" title=\"Azimut S8 \u2013 Yacht\" class=\"grve-btn grve-round grve-bg-white grve-border-white grve-bg-hover-primary-1 grve-border-hover-primary-1 grve-text-dark-grey grve-text-hover-white grve-btn-extrasmall\">\n\t\t<span>Discover<\/span>\n\t\t\t\t\t\t\t<\/a><\/div>[\/vc_column][\/vc_row][vc_row rc_heading_color=&#8221;white&#8221; rc_bg_type=&#8221;image&#8221; rc_bg_image=&#8221;532&#8243; rc_bg_image_type=&#8221;animated&#8221; rc_bg_color_overlay=&#8221;black&#8221; rc_bg_opacity_overlay=&#8221;40&#8243; scroll_section_title=&#8221;Villa&#8221;][vc_column]<h3 class=\"grve-element grve-animated-text grve-animated-item grve-align-center grve-h2 grve-style-2 grve-custom-font-1\" data-style=\"style-2\" data-delay=\"400\" data-duration=\"normal\"><span class=\"grve-animated-entry\"><span class=\"grve-line\">Milano, San Babila<\/span><\/span><\/h3><div class=\"grve-empty-space grve-height-1x\"><\/div><div data-animation=\"fade-in-up\" data-delay=\"1200\" data-duration=\"normal\" class=\"grve-element grve-align-center grve-animated-item\"><a href=\"https:\/\/www.myluxury-lifestyle.com\/en\/milano-san-babila\/\" title=\"Milano San Babila\" class=\"grve-btn grve-round grve-bg-white grve-border-white grve-bg-hover-primary-1 grve-border-hover-primary-1 grve-text-dark-grey grve-text-hover-white grve-btn-extrasmall\">\n\t\t<span>Discover<\/span>\n\t\t\t\t\t\t\t<\/a><\/div>[\/vc_column][\/vc_row][vc_row rc_heading_color=&#8221;white&#8221; rc_bg_type=&#8221;image&#8221; rc_bg_image=&#8221;700&#8243; rc_bg_image_type=&#8221;animated&#8221; rc_bg_color_overlay=&#8221;black&#8221; rc_bg_opacity_overlay=&#8221;40&#8243; scroll_section_title=&#8221;Villa&#8221;][vc_column]<h3 class=\"grve-element grve-animated-text grve-animated-item grve-align-center grve-h2 grve-style-2 grve-custom-font-1\" data-style=\"style-2\" data-delay=\"400\" data-duration=\"normal\"><span class=\"grve-animated-entry\"><span class=\"grve-line\">Lugano, Via Nassa<\/span><\/span><\/h3><div class=\"grve-empty-space grve-height-1x\"><\/div><div data-animation=\"fade-in-up\" data-delay=\"1200\" data-duration=\"normal\" class=\"grve-element grve-align-center grve-animated-item\"><a href=\"https:\/\/www.myluxury-lifestyle.com\/en\/lugano-via-nassa\/\" title=\"Lugano \u2013 Via Nassa\" class=\"grve-btn grve-round grve-bg-white grve-border-white grve-bg-hover-primary-1 grve-border-hover-primary-1 grve-text-dark-grey grve-text-hover-white grve-btn-extrasmall\">\n\t\t<span>Discover<\/span>\n\t\t\t\t\t\t\t<\/a><\/div>[\/vc_column][\/vc_row][vc_row rc_heading_color=&#8221;white&#8221; rc_bg_type=&#8221;image&#8221; rc_bg_image=&#8221;62&#8243; rc_bg_image_type=&#8221;animated&#8221; rc_bg_color_overlay=&#8221;black&#8221; rc_bg_opacity_overlay=&#8221;40&#8243; scroll_section_title=&#8221;Villa&#8221;][vc_column]<h3 class=\"grve-element grve-animated-text grve-animated-item grve-align-center grve-h2 grve-style-2 grve-custom-font-1\" data-style=\"style-2\" data-delay=\"400\" data-duration=\"normal\"><span class=\"grve-animated-entry\"><span class=\"grve-line\">Sardinia, Villa Luce<\/span><\/span><\/h3><h3 class=\"grve-element grve-typed-text grve-align-center grve-h5 grve-custom-font-2 grve-increase-heading grve-heading-140\"><span class=\"grve-typed-text-prefix\"> <\/span><span class=\"grve-animated-text\"><span id=\"grve-typed-item-6a095df0e87bd\" class=\"grve-text-inherit\"><span class=\"grve-hidden\">\u201cIl pi\u00f9 bel viaggio \u00e8 quello che non \u00e8 stato ancora fatto\u201d<\/span><\/span><\/span><span class=\"grve-typed-text-suffix\"> <\/span><\/h3><div class=\"grve-empty-space grve-height-1x\"><\/div><h3 class=\"grve-element grve-typed-text grve-align-center grve-h5 grve-custom-font-2 grve-increase-heading grve-heading-120\"><span class=\"grve-typed-text-prefix\"> <\/span><span class=\"grve-animated-text\"><span id=\"grve-typed-item-6a095df0e8aa2\" class=\"grve-text-inherit\"><span class=\"grve-hidden\">Loick Peyron<\/span><\/span><\/span><span class=\"grve-typed-text-suffix\"> <\/span><\/h3><div class=\"grve-empty-space grve-height-1x\"><\/div><div data-animation=\"fade-in-up\" data-delay=\"1200\" data-duration=\"normal\" class=\"grve-element grve-align-center grve-animated-item\"><a href=\"https:\/\/www.myluxury-lifestyle.com\/en\/sardinia-villa-luce\/\" title=\"Sardinia, Villa Luce\" class=\"grve-btn grve-round grve-bg-white grve-border-white grve-bg-hover-primary-1 grve-border-hover-primary-1 grve-text-dark-grey grve-text-hover-white grve-btn-extrasmall\">\n\t\t<span>Discover<\/span>\n\t\t\t\t\t\t\t<\/a><\/div>[\/vc_column][\/vc_row][vc_row rc_heading_color=&#8221;white&#8221; rc_bg_type=&#8221;image&#8221; rc_bg_image=&#8221;609&#8243; rc_bg_image_type=&#8221;animated&#8221; rc_bg_color_overlay=&#8221;black&#8221; rc_bg_opacity_overlay=&#8221;20&#8243; scroll_section_title=&#8221;Chalet&#8221;][vc_column]<h3 class=\"grve-element grve-animated-text grve-animated-item grve-align-center grve-h2 grve-style-2 grve-custom-font-1\" data-style=\"style-2\" data-delay=\"400\" data-duration=\"normal\"><span class=\"grve-animated-entry\"><span class=\"grve-line\">Casa de Campo, Repubblica Dominicana<\/span><\/span><\/h3><h3 class=\"grve-element grve-typed-text grve-align-center grve-h5 grve-custom-font-2 grve-increase-heading grve-heading-140\"><span class=\"grve-typed-text-prefix\"> <\/span><span class=\"grve-animated-text\"><span id=\"grve-typed-item-6a095df0e9219\" class=\"grve-text-inherit\"><span class=\"grve-hidden\">\u201cFrom Christmas 2025\u201d<\/span><\/span><\/span><span class=\"grve-typed-text-suffix\"> <\/span><\/h3><div class=\"grve-empty-space grve-height-1x\"><\/div><div data-animation=\"fade-in-up\" data-delay=\"1200\" data-duration=\"normal\" class=\"grve-element grve-align-center grve-animated-item\"><a href=\"https:\/\/www.myluxury-lifestyle.com\/en\/casa-de-campo-repubblica-dominicana\/\" title=\"Casa de Campo \u2013 Repubblica Dominicana\" class=\"grve-btn grve-round grve-bg-white grve-border-white grve-bg-hover-primary-1 grve-border-hover-primary-1 grve-text-dark-grey grve-text-hover-white grve-btn-extrasmall\">\n\t\t<span>Discover<\/span>\n\t\t\t\t\t\t\t<\/a><\/div>[\/vc_column][\/vc_row][vc_row rc_heading_color=&#8221;white&#8221; rc_bg_type=&#8221;image&#8221; rc_bg_image=&#8221;654&#8243; rc_bg_image_type=&#8221;animated&#8221; rc_bg_color_overlay=&#8221;black&#8221; rc_bg_opacity_overlay=&#8221;40&#8243; scroll_section_title=&#8221;Villa&#8221;][vc_column]<h3 class=\"grve-element grve-animated-text grve-animated-item grve-align-center grve-h2 grve-style-2 grve-custom-font-1\" data-style=\"style-2\" data-delay=\"400\" data-duration=\"normal\"><span class=\"grve-animated-entry\"><span class=\"grve-line\">Miami, Milano Boutique<\/span><\/span><\/h3><h3 class=\"grve-element grve-typed-text grve-align-center grve-h5 grve-custom-font-2 grve-increase-heading grve-heading-140\"><span class=\"grve-typed-text-prefix\"> <\/span><span class=\"grve-animated-text\"><span id=\"grve-typed-item-6a095df0e997f\" class=\"grve-text-inherit\"><span class=\"grve-hidden\">\u201cFrom 2026\u201d<\/span><\/span><\/span><span class=\"grve-typed-text-suffix\"> <\/span><\/h3><div class=\"grve-empty-space grve-height-1x\"><\/div><div data-animation=\"fade-in-up\" data-delay=\"1200\" data-duration=\"normal\" class=\"grve-element grve-align-center grve-animated-item\"><a href=\"https:\/\/mb829.com\/\" title=\"Miami \u2013 Milano Boutique\" target=\"_blank\" class=\"grve-btn grve-round grve-bg-white grve-border-white grve-bg-hover-primary-1 grve-border-hover-primary-1 grve-text-dark-grey grve-text-hover-white grve-btn-extrasmall\">\n\t\t<span>Discover<\/span>\n\t\t\t\t\t\t\t<\/a><\/div>[\/vc_column][\/vc_row][vc_row disable_element=&#8221;yes&#8221; el_class=&#8221;noalt&#8221;][vc_column][vc_column_text]I am text block. Click edit button to change this text. Lorem ipsum dolor sit amet, consectetur adipiscing elit. Ut elit tellus, luctus nec ullamcorper mattis, pulvinar dapibus leo.[\/vc_column_text][\/vc_column][\/vc_row][vc_row rc_bg_type=&#8221;color&#8221; rc_bg_color=&#8221;#f4f4f4&#8243; el_class=&#8221;noalt&#8221;][vc_column][vc_column_text text_style=&#8221;small-text&#8221;]<\/p>\n<p style=\"text-align: center;\">Leo srl &#8211; via Paleocapa 4 20121 Milano &#8211; P.iva 09528910962<\/p>\n<p>[\/vc_column_text]<div style=\"height: 20px;\" class=\"grve-empty-space\"><\/div>[vc_column_text text_style=&#8221;small-text&#8221;]<\/p>\n<p style=\"text-align: center;\"><a href=\"https:\/\/www.myluxury-lifestyle.com\/privacy\/\">Privacy<\/a> &#8211; <a href=\"https:\/\/www.myluxury-lifestyle.com\/cookie\/\">Cookie<\/a><\/p>\n<p>[\/vc_column_text]<div style=\"height: 20px;\" class=\"grve-empty-space\"><\/div>[vc_column_text text_style=&#8221;small-text&#8221;]<\/p>\n<p style=\"text-align: center;\">Powered by: <a href=\"https:\/\/www.webtraxlab.com\/\" target=\"_blank\" rel=\"noopener\">Webtraxlab<\/a><\/p>\n<p>[\/vc_column_text][\/vc_column][\/vc_row]<\/p>\n<\/div>","protected":false},"excerpt":{"rendered":"<p>[vc_row rc_heading_color=&#8221;white&#8221; rc_bg_type=&#8221;image&#8221; rc_bg_image=&#8221;755&#8243; rc_bg_image_type=&#8221;animated&#8221; rc_bg_color_overlay=&#8221;black&#8221; rc_bg_opacity_overlay=&#8221;40&#8243; scroll_section_title=&#8221;Mangusta&#8221;][vc_column][\/vc_column][\/vc_row][vc_row rc_heading_color=&#8221;white&#8221; rc_bg_type=&#8221;image&#8221; rc_bg_image=&#8221;36&#8243; rc_bg_image_type=&#8221;animated&#8221; rc_bg_color_overlay=&#8221;black&#8221; rc_bg_opacity_overlay=&#8221;40&#8243; scroll_section_title=&#8221;azimut&#8221;][vc_column][\/vc_column][\/vc_row][vc_row rc_heading_color=&#8221;white&#8221; rc_bg_type=&#8221;image&#8221; rc_bg_image=&#8221;532&#8243; rc_bg_image_type=&#8221;animated&#8221; rc_bg_color_overlay=&#8221;black&#8221; rc_bg_opacity_overlay=&#8221;40&#8243; scroll_section_title=&#8221;Villa&#8221;][vc_column][\/vc_column][\/vc_row][vc_row rc_heading_color=&#8221;white&#8221; rc_bg_type=&#8221;image&#8221; rc_bg_image=&#8221;700&#8243; rc_bg_image_type=&#8221;animated&#8221; rc_bg_color_overlay=&#8221;black&#8221; rc_bg_opacity_overlay=&#8221;40&#8243; scroll_section_title=&#8221;Villa&#8221;][vc_column][\/vc_column][\/vc_row][vc_row rc_heading_color=&#8221;white&#8221; rc_bg_type=&#8221;image&#8221; rc_bg_image=&#8221;62&#8243; rc_bg_image_type=&#8221;animated&#8221; rc_bg_color_overlay=&#8221;black&#8221; rc_bg_opacity_overlay=&#8221;40&#8243; scroll_section_title=&#8221;Villa&#8221;][vc_column][\/vc_column][\/vc_row][vc_row rc_heading_color=&#8221;white&#8221; rc_bg_type=&#8221;image&#8221; rc_bg_image=&#8221;609&#8243; rc_bg_image_type=&#8221;animated&#8221; rc_bg_color_overlay=&#8221;black&#8221; rc_bg_opacity_overlay=&#8221;20&#8243; scroll_section_title=&#8221;Chalet&#8221;][vc_column][\/vc_column][\/vc_row][vc_row rc_heading_color=&#8221;white&#8221; rc_bg_type=&#8221;image&#8221; rc_bg_image=&#8221;654&#8243; rc_bg_image_type=&#8221;animated&#8221; rc_bg_color_overlay=&#8221;black&#8221; rc_bg_opacity_overlay=&#8221;40&#8243; scroll_section_title=&#8221;Villa&#8221;][vc_column][\/vc_column][\/vc_row][vc_row disable_element=&#8221;yes&#8221; el_class=&#8221;noalt&#8221;][vc_column][vc_column_text]I am text block. [&hellip;]<\/p>\n","protected":false},"author":2,"featured_media":404,"parent":0,"menu_order":0,"comment_status":"closed","ping_status":"closed","template":"page-templates\/template-full-page.php","meta":{"footnotes":""},"class_list":["post-414","page","type-page","status-publish","has-post-thumbnail","hentry","grve-entry-item"],"yoast_head":"<!-- This site is optimized with the Yoast SEO plugin v27.5 - https:\/\/yoast.com\/product\/yoast-seo-wordpress\/ -->\n<title>My Luxury Lifestyle<\/title>\n<meta name=\"description\" content=\"My Luxury Lifestyle. Servizio di affitto Villa in Sardegna, Yatch Azimut e Chalet in Chamonix. Servizi di lusso. My Luxury Lifestyle.\" \/>\n<meta name=\"robots\" content=\"index, follow, max-snippet:-1, max-image-preview:large, max-video-preview:-1\" \/>\n<link rel=\"canonical\" href=\"https:\/\/www.myluxury-lifestyle.com\/en\/\" \/>\n<meta property=\"og:locale\" content=\"en_US\" \/>\n<meta property=\"og:type\" content=\"article\" \/>\n<meta property=\"og:title\" content=\"My Luxury Lifestyle\" \/>\n<meta property=\"og:description\" content=\"My Luxury Lifestyle. Servizio di affitto Villa in Sardegna, Yatch Azimut e Chalet in Chamonix. Servizi di lusso. My Luxury Lifestyle.\" \/>\n<meta property=\"og:url\" content=\"https:\/\/www.myluxury-lifestyle.com\/en\/\" \/>\n<meta property=\"og:site_name\" content=\"My Luxury Lifestyle\" \/>\n<meta property=\"article:modified_time\" content=\"2026-01-19T14:40:32+00:00\" \/>\n<meta property=\"og:image\" content=\"https:\/\/www.myluxury-lifestyle.com\/wp-content\/uploads\/2022\/06\/my-luxury-life-style.jpg\" \/>\n\t<meta property=\"og:image:width\" content=\"1200\" \/>\n\t<meta property=\"og:image:height\" content=\"630\" \/>\n\t<meta property=\"og:image:type\" content=\"image\/jpeg\" \/>\n<meta name=\"twitter:card\" content=\"summary_large_image\" \/>\n<meta name=\"twitter:label1\" content=\"Est. reading time\" \/>\n\t<meta name=\"twitter:data1\" content=\"4 minutes\" \/>\n<script type=\"application\/ld+json\" class=\"yoast-schema-graph\">{\"@context\":\"https:\\\/\\\/schema.org\",\"@graph\":[{\"@type\":\"WebPage\",\"@id\":\"https:\\\/\\\/www.myluxury-lifestyle.com\\\/en\\\/\",\"url\":\"https:\\\/\\\/www.myluxury-lifestyle.com\\\/en\\\/\",\"name\":\"My Luxury Lifestyle\",\"isPartOf\":{\"@id\":\"https:\\\/\\\/www.myluxury-lifestyle.com\\\/en\\\/#website\"},\"primaryImageOfPage\":{\"@id\":\"https:\\\/\\\/www.myluxury-lifestyle.com\\\/en\\\/#primaryimage\"},\"image\":{\"@id\":\"https:\\\/\\\/www.myluxury-lifestyle.com\\\/en\\\/#primaryimage\"},\"thumbnailUrl\":\"https:\\\/\\\/www.myluxury-lifestyle.com\\\/wp-content\\\/uploads\\\/2022\\\/06\\\/my-luxury-life-style.jpg\",\"datePublished\":\"2022-03-30T12:50:47+00:00\",\"dateModified\":\"2026-01-19T14:40:32+00:00\",\"description\":\"My Luxury Lifestyle. Servizio di affitto Villa in Sardegna, Yatch Azimut e Chalet in Chamonix. Servizi di lusso. My Luxury Lifestyle.\",\"breadcrumb\":{\"@id\":\"https:\\\/\\\/www.myluxury-lifestyle.com\\\/en\\\/#breadcrumb\"},\"inLanguage\":\"en-US\",\"potentialAction\":[{\"@type\":\"ReadAction\",\"target\":[\"https:\\\/\\\/www.myluxury-lifestyle.com\\\/en\\\/\"]}]},{\"@type\":\"ImageObject\",\"inLanguage\":\"en-US\",\"@id\":\"https:\\\/\\\/www.myluxury-lifestyle.com\\\/en\\\/#primaryimage\",\"url\":\"https:\\\/\\\/www.myluxury-lifestyle.com\\\/wp-content\\\/uploads\\\/2022\\\/06\\\/my-luxury-life-style.jpg\",\"contentUrl\":\"https:\\\/\\\/www.myluxury-lifestyle.com\\\/wp-content\\\/uploads\\\/2022\\\/06\\\/my-luxury-life-style.jpg\",\"width\":1200,\"height\":630,\"caption\":\"my luxury life style\"},{\"@type\":\"BreadcrumbList\",\"@id\":\"https:\\\/\\\/www.myluxury-lifestyle.com\\\/en\\\/#breadcrumb\",\"itemListElement\":[{\"@type\":\"ListItem\",\"position\":1,\"name\":\"Home\",\"item\":\"https:\\\/\\\/www.myluxury-lifestyle.com\\\/en\\\/\"},{\"@type\":\"ListItem\",\"position\":2,\"name\":\"Home\"}]},{\"@type\":\"WebSite\",\"@id\":\"https:\\\/\\\/www.myluxury-lifestyle.com\\\/en\\\/#website\",\"url\":\"https:\\\/\\\/www.myluxury-lifestyle.com\\\/en\\\/\",\"name\":\"My Luxury Lifestyle\",\"description\":\"\",\"publisher\":{\"@id\":\"https:\\\/\\\/www.myluxury-lifestyle.com\\\/en\\\/#organization\"},\"potentialAction\":[{\"@type\":\"SearchAction\",\"target\":{\"@type\":\"EntryPoint\",\"urlTemplate\":\"https:\\\/\\\/www.myluxury-lifestyle.com\\\/en\\\/?s={search_term_string}\"},\"query-input\":{\"@type\":\"PropertyValueSpecification\",\"valueRequired\":true,\"valueName\":\"search_term_string\"}}],\"inLanguage\":\"en-US\"},{\"@type\":\"Organization\",\"@id\":\"https:\\\/\\\/www.myluxury-lifestyle.com\\\/en\\\/#organization\",\"name\":\"My Luxury Lifestyle\",\"url\":\"https:\\\/\\\/www.myluxury-lifestyle.com\\\/en\\\/\",\"logo\":{\"@type\":\"ImageObject\",\"inLanguage\":\"en-US\",\"@id\":\"https:\\\/\\\/www.myluxury-lifestyle.com\\\/en\\\/#\\\/schema\\\/logo\\\/image\\\/\",\"url\":\"https:\\\/\\\/www.myluxury-lifestyle.com\\\/wp-content\\\/uploads\\\/2022\\\/06\\\/my-luxury-life-style.jpg\",\"contentUrl\":\"https:\\\/\\\/www.myluxury-lifestyle.com\\\/wp-content\\\/uploads\\\/2022\\\/06\\\/my-luxury-life-style.jpg\",\"width\":1200,\"height\":630,\"caption\":\"My Luxury Lifestyle\"},\"image\":{\"@id\":\"https:\\\/\\\/www.myluxury-lifestyle.com\\\/en\\\/#\\\/schema\\\/logo\\\/image\\\/\"}}]}<\/script>\n<!-- \/ Yoast SEO plugin. -->","yoast_head_json":{"title":"My Luxury Lifestyle","description":"My Luxury Lifestyle. Servizio di affitto Villa in Sardegna, Yatch Azimut e Chalet in Chamonix. Servizi di lusso. My Luxury Lifestyle.","robots":{"index":"index","follow":"follow","max-snippet":"max-snippet:-1","max-image-preview":"max-image-preview:large","max-video-preview":"max-video-preview:-1"},"canonical":"https:\/\/www.myluxury-lifestyle.com\/en\/","og_locale":"en_US","og_type":"article","og_title":"My Luxury Lifestyle","og_description":"My Luxury Lifestyle. Servizio di affitto Villa in Sardegna, Yatch Azimut e Chalet in Chamonix. Servizi di lusso. My Luxury Lifestyle.","og_url":"https:\/\/www.myluxury-lifestyle.com\/en\/","og_site_name":"My Luxury Lifestyle","article_modified_time":"2026-01-19T14:40:32+00:00","og_image":[{"width":1200,"height":630,"url":"https:\/\/www.myluxury-lifestyle.com\/wp-content\/uploads\/2022\/06\/my-luxury-life-style.jpg","type":"image\/jpeg"}],"twitter_card":"summary_large_image","twitter_misc":{"Est. reading time":"4 minutes"},"schema":{"@context":"https:\/\/schema.org","@graph":[{"@type":"WebPage","@id":"https:\/\/www.myluxury-lifestyle.com\/en\/","url":"https:\/\/www.myluxury-lifestyle.com\/en\/","name":"My Luxury Lifestyle","isPartOf":{"@id":"https:\/\/www.myluxury-lifestyle.com\/en\/#website"},"primaryImageOfPage":{"@id":"https:\/\/www.myluxury-lifestyle.com\/en\/#primaryimage"},"image":{"@id":"https:\/\/www.myluxury-lifestyle.com\/en\/#primaryimage"},"thumbnailUrl":"https:\/\/www.myluxury-lifestyle.com\/wp-content\/uploads\/2022\/06\/my-luxury-life-style.jpg","datePublished":"2022-03-30T12:50:47+00:00","dateModified":"2026-01-19T14:40:32+00:00","description":"My Luxury Lifestyle. Servizio di affitto Villa in Sardegna, Yatch Azimut e Chalet in Chamonix. Servizi di lusso. My Luxury Lifestyle.","breadcrumb":{"@id":"https:\/\/www.myluxury-lifestyle.com\/en\/#breadcrumb"},"inLanguage":"en-US","potentialAction":[{"@type":"ReadAction","target":["https:\/\/www.myluxury-lifestyle.com\/en\/"]}]},{"@type":"ImageObject","inLanguage":"en-US","@id":"https:\/\/www.myluxury-lifestyle.com\/en\/#primaryimage","url":"https:\/\/www.myluxury-lifestyle.com\/wp-content\/uploads\/2022\/06\/my-luxury-life-style.jpg","contentUrl":"https:\/\/www.myluxury-lifestyle.com\/wp-content\/uploads\/2022\/06\/my-luxury-life-style.jpg","width":1200,"height":630,"caption":"my luxury life style"},{"@type":"BreadcrumbList","@id":"https:\/\/www.myluxury-lifestyle.com\/en\/#breadcrumb","itemListElement":[{"@type":"ListItem","position":1,"name":"Home","item":"https:\/\/www.myluxury-lifestyle.com\/en\/"},{"@type":"ListItem","position":2,"name":"Home"}]},{"@type":"WebSite","@id":"https:\/\/www.myluxury-lifestyle.com\/en\/#website","url":"https:\/\/www.myluxury-lifestyle.com\/en\/","name":"My Luxury Lifestyle","description":"","publisher":{"@id":"https:\/\/www.myluxury-lifestyle.com\/en\/#organization"},"potentialAction":[{"@type":"SearchAction","target":{"@type":"EntryPoint","urlTemplate":"https:\/\/www.myluxury-lifestyle.com\/en\/?s={search_term_string}"},"query-input":{"@type":"PropertyValueSpecification","valueRequired":true,"valueName":"search_term_string"}}],"inLanguage":"en-US"},{"@type":"Organization","@id":"https:\/\/www.myluxury-lifestyle.com\/en\/#organization","name":"My Luxury Lifestyle","url":"https:\/\/www.myluxury-lifestyle.com\/en\/","logo":{"@type":"ImageObject","inLanguage":"en-US","@id":"https:\/\/www.myluxury-lifestyle.com\/en\/#\/schema\/logo\/image\/","url":"https:\/\/www.myluxury-lifestyle.com\/wp-content\/uploads\/2022\/06\/my-luxury-life-style.jpg","contentUrl":"https:\/\/www.myluxury-lifestyle.com\/wp-content\/uploads\/2022\/06\/my-luxury-life-style.jpg","width":1200,"height":630,"caption":"My Luxury Lifestyle"},"image":{"@id":"https:\/\/www.myluxury-lifestyle.com\/en\/#\/schema\/logo\/image\/"}}]}},"_links":{"self":[{"href":"https:\/\/www.myluxury-lifestyle.com\/en\/wp-json\/wp\/v2\/pages\/414","targetHints":{"allow":["GET"]}}],"collection":[{"href":"https:\/\/www.myluxury-lifestyle.com\/en\/wp-json\/wp\/v2\/pages"}],"about":[{"href":"https:\/\/www.myluxury-lifestyle.com\/en\/wp-json\/wp\/v2\/types\/page"}],"author":[{"embeddable":true,"href":"https:\/\/www.myluxury-lifestyle.com\/en\/wp-json\/wp\/v2\/users\/2"}],"replies":[{"embeddable":true,"href":"https:\/\/www.myluxury-lifestyle.com\/en\/wp-json\/wp\/v2\/comments?post=414"}],"version-history":[{"count":16,"href":"https:\/\/www.myluxury-lifestyle.com\/en\/wp-json\/wp\/v2\/pages\/414\/revisions"}],"predecessor-version":[{"id":858,"href":"https:\/\/www.myluxury-lifestyle.com\/en\/wp-json\/wp\/v2\/pages\/414\/revisions\/858"}],"wp:featuredmedia":[{"embeddable":true,"href":"https:\/\/www.myluxury-lifestyle.com\/en\/wp-json\/wp\/v2\/media\/404"}],"wp:attachment":[{"href":"https:\/\/www.myluxury-lifestyle.com\/en\/wp-json\/wp\/v2\/media?parent=414"}],"curies":[{"name":"wp","href":"https:\/\/api.w.org\/{rel}","templated":true}]}}